{"id":3,"date":"2025-12-09T16:07:50","date_gmt":"2025-12-09T16:07:50","guid":{"rendered":"https:\/\/afrontt.com\/?page_id=3"},"modified":"2026-01-05T10:04:18","modified_gmt":"2026-01-05T13:04:18","slug":"politicas-privacidade","status":"publish","type":"page","link":"https:\/\/afrontt.com\/es\/politicas-privacidade\/","title":{"rendered":"Pol\u00edtica de Privacidad"},"content":{"rendered":"\t\t<div data-elementor-type=\"wp-page\" data-elementor-id=\"3\" class=\"elementor elementor-3\" data-elementor-post-type=\"page\">\n\t\t\t\t<div class=\"elementor-element elementor-element-66cb4929 e-flex e-con-boxed e-con e-parent\" data-id=\"66cb4929\" data-element_type=\"container\" data-e-type=\"container\">\n\t\t\t\t\t<div class=\"e-con-inner\">\n\t\t\t\t<div class=\"elementor-element elementor-element-0433e87 elementor-widget elementor-widget-heading\" data-id=\"0433e87\" data-element_type=\"widget\" data-e-type=\"widget\" data-widget_type=\"heading.default\">\n\t\t\t\t\t<h2 class=\"elementor-heading-title elementor-size-default\">Pol\u00edtica de Privacidade<\/h2>\t\t\t\t<\/div>\n\t\t\t\t<div class=\"elementor-element elementor-element-6827d04 elementor-widget elementor-widget-text-editor\" data-id=\"6827d04\" data-element_type=\"widget\" data-e-type=\"widget\" data-widget_type=\"text-editor.default\">\n\t\t\t\t\t\t\t\t\t<header class=\"py-5\">\n<div class=\"max-w-[1280px] mx-auto flex gap-[10px] md:text-xs text-[10px] justify-between items-center flex-col\">\n<div>\n<p class=\"text-center\">\u00daltima atualiza\u00e7\u00e3o: 15\/12\/2025<\/p>\n<\/div>\n<\/div>\n<\/header>\n<div class=\"max-w-[1280px] mx-auto\">\n<div>\n<p class=\"__className_3e27f5\">Pol\u00edtica de Privacidade<\/p>\n<p class=\"__className_3e27f5\">Esta Pol\u00edtica de Privacidade descreve as pol\u00edticas da Afrontt Ltda, Av. Juscelino Kubitscheck, 2.041, S\u00e3o Paulo\/SP 04.543-011, Brasil, email: afrontt@afrontt.com, telefone: +55 11 5194-3034 sobre a coleta, uso e divulga\u00e7\u00e3o de suas informa\u00e7\u00f5es que coletamos quando voc\u00ea usa nosso site (<span style=\"color: #da703c;\"><a style=\"color: #da703c;\" href=\"http:\/\/www.afrontt.com\">www.afrontt.com<\/a><\/span>). (o &#8220;Servi\u00e7o&#8221;). Ao acessar ou usar o Servi\u00e7o, voc\u00ea est\u00e1 consentindo com a coleta, uso e divulga\u00e7\u00e3o de suas informa\u00e7\u00f5es de acordo com esta Pol\u00edtica de Privacidade. Se voc\u00ea n\u00e3o concorda com o mesmo, por favor, n\u00e3o acesse ou use o Servi\u00e7o.<\/p>\n<p class=\"__className_3e27f5\">Podemos modificar esta Pol\u00edtica de Privacidade a qualquer momento sem aviso pr\u00e9vio e publicaremos a Pol\u00edtica de Privacidade revisada no Servi\u00e7o. A Pol\u00edtica revisada ser\u00e1 eficaz 30 dias a partir da data em que a Pol\u00edtica revisada for publicada no Servi\u00e7o, e seu acesso ou uso cont\u00ednuo do Servi\u00e7o ap\u00f3s esse per\u00edodo constituir\u00e1 sua aceita\u00e7\u00e3o da Pol\u00edtica de Privacidade revisada. Recomendamos, portanto, que voc\u00ea revise periodicamente esta p\u00e1gina.<\/p>\n<h2 id=\"accordion-header-infoWeCollect\" class=\"standard_h2__qp5cY __className_3e27f5 wp-block-heading\">Informa\u00e7\u00f5es que coletamos:<\/h2>\n<div id=\"accordion-collapse-infoWeCollect\">\n<p class=\"__className_3e27f5\">Coletaremos e processaremos as seguintes informa\u00e7\u00f5es pessoais sobre voc\u00ea:<\/p>\n<ul>\n<li class=\"__className_3e27f5\">Nome<\/li>\n<li class=\"__className_3e27f5\">Email<\/li>\n<li class=\"__className_3e27f5\">N\u00famero celular<\/li>\n<\/ul>\n<\/div>\n<h2 id=\"accordion-header-howUseInfo\" class=\"standard_h2__qp5cY __className_3e27f5\">Como utilizamos suas informa\u00e7\u00f5es:<\/h2>\n<div id=\"accordion-collapse-howUseInfo\">\n<p class=\"__className_3e27f5\">Utilizaremos as informa\u00e7\u00f5es que coletamos sobre voc\u00ea para os seguintes fins:<\/p>\n<ul>\n<li class=\"__className_3e27f5\">Marketing\/Promocional<\/li>\n<li class=\"__className_3e27f5\">Publicidade direcionada<\/li>\n<li class=\"__className_3e27f5\">Prote\u00e7\u00e3o do site<\/li>\n<li class=\"__className_3e27f5\">Aplicar Termos e Condi\u00e7\u00f5es<\/li>\n<li class=\"__className_3e27f5\">Coleta de feedback do cliente<\/li>\n<li class=\"__className_3e27f5\">Suporte<\/li>\n<li class=\"__className_3e27f5\">Coment\u00e1rios de usu\u00e1rio para usu\u00e1rio<\/li>\n<li class=\"__className_3e27f5\">Gerenciar conta de usu\u00e1rio<\/li>\n<li class=\"__className_3e27f5\">Informa\u00e7\u00f5es administrativas<\/li>\n<\/ul>\n<\/div>\n<h2 id=\"accordion-header-howShareInfo\" class=\"standard_h2__qp5cY __className_3e27f5\">Como compartilhamos suas informa\u00e7\u00f5es:<\/h2>\n<div id=\"accordion-collapse-howShareInfo\">\n<p class=\"__className_3e27f5\">N\u00e3o transferiremos suas informa\u00e7\u00f5es pessoais para terceiros sem buscar seu consentimento, exceto em circunst\u00e2ncias limitadas conforme descrito abaixo:<\/p>\n<ul>\n<li class=\"__className_3e27f5\">Servi\u00e7o de an\u00fancios<\/li>\n<li class=\"__className_3e27f5\">Analytics<\/li>\n<li class=\"__className_3e27f5\">Ag\u00eancias de marketing<\/li>\n<li class=\"__className_3e27f5\">Coleta e processamento de dados<\/li>\n<\/ul>\n<p class=\"__className_3e27f5\">Exigimos que tais terceiros utilizem as informa\u00e7\u00f5es pessoais que transferimos a eles apenas para o prop\u00f3sito para o qual foi transferido e n\u00e3o as mantenham por mais tempo do que \u00e9 necess\u00e1rio para cumprir o referido prop\u00f3sito.<\/p>\n<p class=\"__className_3e27f5\">Tamb\u00e9m podemos divulgar suas informa\u00e7\u00f5es pessoais para o seguinte:<\/p>\n<ul>\n<li class=\"__className_3e27f5\">cumprir a lei aplic\u00e1vel, regulamenta\u00e7\u00e3o, ordem judicial ou outro processo legal;<\/li>\n<li class=\"__className_3e27f5\">fazer cumprir seus acordos conosco, incluindo esta Pol\u00edtica de Privacidade; ou<\/li>\n<li class=\"__className_3e27f5\">responder a alega\u00e7\u00f5es de que seu uso do Servi\u00e7o viola os direitos de terceiros.<\/li>\n<\/ul>\n<p class=\"__className_3e27f5\">Se o Servi\u00e7o ou nossa empresa for fundido ou adquirido por outra empresa, suas informa\u00e7\u00f5es ser\u00e3o um dos ativos transferidos para o novo propriet\u00e1rio.<\/p>\n<\/div>\n<h2 id=\"accordion-header-retentionOfInfo\" class=\"standard_h2__qp5cY __className_3e27f5\">Reten\u00e7\u00e3o de suas informa\u00e7\u00f5es:<\/h2>\n<div id=\"accordion-collapse-retentionOfInfo\">\n<p class=\"__className_3e27f5\">Manteremos suas informa\u00e7\u00f5es pessoais conosco por 90 dias a 2 anos ap\u00f3s os usu\u00e1rios encerrarem suas contas ap\u00f3s contas de usu\u00e1rio permanecerem inativas ou pelo tempo que for necess\u00e1rio para cumprir os fins para os quais foram coletadas, conforme detalhado nesta Pol\u00edtica de Privacidade. Podemos precisar reter certas informa\u00e7\u00f5es por per\u00edodos mais longos, como manuten\u00e7\u00e3o de registros \/ relat\u00f3rios de acordo com a lei aplic\u00e1vel ou por outros motivos leg\u00edtimos, como aplica\u00e7\u00e3o de direitos legais, preven\u00e7\u00e3o de fraudes, etc. Informa\u00e7\u00f5es an\u00f4nimas residuais e informa\u00e7\u00f5es agregadas, que n\u00e3o o identificam (direta ou indiretamente), podem ser armazenadas indefinidamente.<\/p>\n<\/div>\n<h2 id=\"accordion-header-yourRights\" class=\"standard_h2__qp5cY __className_3e27f5\">Seus direitos:<\/h2>\n<div id=\"accordion-collapse-yourRights\">\n<p class=\"__className_3e27f5\">Dependendo da lei aplic\u00e1vel, voc\u00ea pode ter o direito de:<\/p>\n<ul>\n<li class=\"__className_3e27f5\">acessar e retificar ou apagar seus dados pessoais ou receber uma c\u00f3pia de seus dados pessoais;<\/li>\n<li class=\"__className_3e27f5\">restringir ou objetar ao processamento ativo de seus dados;<\/li>\n<li class=\"__className_3e27f5\">nos pedir para compartilhar (portar) suas informa\u00e7\u00f5es pessoais para outra entidade;<\/li>\n<li class=\"__className_3e27f5\">retirar qualquer consentimento que voc\u00ea nos forneceu para processar seus dados;<\/li>\n<li class=\"__className_3e27f5\">apresentar uma reclama\u00e7\u00e3o a uma autoridade estatut\u00e1ria e outros direitos relevantes de acordo com as leis aplic\u00e1veis.<\/li>\n<\/ul>\n<p class=\"__className_3e27f5\">Para exercer esses direitos, voc\u00ea pode nos escrever para\u00a0<span style=\"color: #da703c;\"><a class=\"standard_link__xrsNq __className_3e27f5\" style=\"color: #da703c;\" href=\"mailto:afrontt@afrontt.com\">afrontt@afrontt.com<\/a><\/span>. Responderemos \u00e0 sua solicita\u00e7\u00e3o de acordo com a lei aplic\u00e1vel.<\/p>\n<p class=\"__className_3e27f5\">Voc\u00ea pode optar por n\u00e3o receber comunica\u00e7\u00f5es de marketing direto ou o perfil que realizamos para fins de marketing, escrevendo para n\u00f3s no\u00a0<span style=\"color: #da703c;\"><a class=\"standard_link__xrsNq __className_3e27f5\" style=\"color: #da703c;\" href=\"mailto:afrontt@afrontt.com\">afrontt@afrontt.com<\/a><\/span>.<\/p>\n<p class=\"__className_3e27f5\">Observe que se voc\u00ea n\u00e3o permitir que coletemos ou processemos as informa\u00e7\u00f5es pessoais necess\u00e1rias ou retirar o consentimento para processar as mesmas para os fins necess\u00e1rios, voc\u00ea pode n\u00e3o conseguir acessar ou usar os servi\u00e7os para os quais suas informa\u00e7\u00f5es foram solicitadas.<\/p>\n<\/div>\n<h2 id=\"accordion-header-cookiesEtc\" class=\"standard_h2__qp5cY __className_3e27f5\">Cookies Etc.:<\/h2>\n<div id=\"accordion-collapse-cookiesEtc\">\n<p class=\"__className_3e27f5\">Para saber mais sobre como utilizamos essas tecnologias e suas escolhas em rela\u00e7\u00e3o a essas tecnologias de rastreamento, consulte nossa\u00a0<span style=\"color: #ff6600;\"><a class=\"standard_link__xrsNq __className_3e27f5\" style=\"color: #ff6600;\" href=\"https:\/\/afrontt.com\/politica-de-cookies\/\">Pol\u00edtica de Cookies<\/a><\/span>.<\/p>\n<\/div>\n<h2 id=\"accordion-header-security\" class=\"standard_h2__qp5cY __className_3e27f5\">Seguran\u00e7a:<\/h2>\n<div id=\"accordion-collapse-security\">\n<p class=\"__className_3e27f5\">A seguran\u00e7a de suas informa\u00e7\u00f5es \u00e9 importante para n\u00f3s, e usaremos medidas de seguran\u00e7a razo\u00e1veis para evitar a perda, uso indevido ou altera\u00e7\u00e3o n\u00e3o autorizada de suas informa\u00e7\u00f5es sob nosso controle. No entanto, dados os riscos inerentes, n\u00e3o podemos garantir seguran\u00e7a absoluta e, consequentemente, n\u00e3o podemos garantir ou garantir a seguran\u00e7a de qualquer informa\u00e7\u00e3o que voc\u00ea nos transmita, e voc\u00ea o faz por sua pr\u00f3pria conta e risco.<\/p>\n<\/div>\n<h2 id=\"accordion-header-thirdPartyLinks\" class=\"standard_h2__qp5cY __className_3e27f5\">Links de terceiros e uso de suas informa\u00e7\u00f5es:<\/h2>\n<div id=\"accordion-collapse-thirdPartyLinks\">\n<p class=\"__className_3e27f5\">Nosso Servi\u00e7o pode conter links para outros sites que n\u00e3o s\u00e3o operados por n\u00f3s. Esta Pol\u00edtica de Privacidade n\u00e3o aborda a pol\u00edtica de privacidade e outras pr\u00e1ticas de terceiros, incluindo qualquer terceiro que opere qualquer site ou servi\u00e7o que possa ser acessado por meio de um link no Servi\u00e7o. Recomendamos fortemente que voc\u00ea revise a pol\u00edtica de privacidade de cada site que visita. N\u00e3o temos controle sobre e n\u00e3o assumimos responsabilidade pelo conte\u00fado, pol\u00edticas de privacidade ou pr\u00e1ticas de quaisquer sites ou servi\u00e7os de terceiros.<\/p>\n<\/div>\n<h2 id=\"accordion-header-dpo\" class=\"standard_h2__qp5cY __className_3e27f5\">Reclama\u00e7\u00e3o \/ Encarregado de dados:<\/h2>\n<div id=\"accordion-collapse-dpo\">\n<p class=\"__className_3e27f5\">Se voc\u00ea tiver alguma d\u00favida ou preocupa\u00e7\u00e3o sobre o processamento de suas informa\u00e7\u00f5es que est\u00e3o dispon\u00edveis conosco, voc\u00ea pode enviar um e-mail para o nosso Encarregado de Dados em Afrontt Ltda, Av. Juscelino Kubitscheck, 2.041, e-mail: <span style=\"color: #da703c;\"><a class=\"standard_link__xrsNq __className_3e27f5\" style=\"color: #da703c;\" href=\"mailto:afrontt@afrontt.com\">afrontt@afrontt.com<\/a><\/span>. Abordaremos suas preocupa\u00e7\u00f5es de acordo com a lei aplic\u00e1vel.<\/p>\n<\/div>\n<\/div>\n<\/div>\t\t\t\t\t\t\t\t<\/div>\n\t\t\t\t\t<\/div>\n\t\t\t\t<\/div>\n\t\t\t\t<\/div>\n\t\t","protected":false},"excerpt":{"rendered":"<p>Pol\u00edtica de Privacidade \u00daltima atualiza\u00e7\u00e3o: 15\/12\/2025 Pol\u00edtica de Privacidade Esta Pol\u00edtica de Privacidade descreve as pol\u00edticas da Afrontt Ltda, Av. Juscelino Kubitscheck, 2.041, S\u00e3o Paulo\/SP 04.543-011, Brasil, email: afrontt@afrontt.com, telefone: +55 11 5194-3034 sobre a coleta, uso e divulga\u00e7\u00e3o de suas informa\u00e7\u00f5es que coletamos quando voc\u00ea usa nosso site (www.afrontt.com). (o &#8220;Servi\u00e7o&#8221;). Ao acessar ou [&hellip;]<\/p>\n","protected":false},"author":1,"featured_media":0,"parent":0,"menu_order":0,"comment_status":"closed","ping_status":"closed","template":"elementor_header_footer","meta":{"_joinchat":[],"footnotes":""},"class_list":["post-3","page","type-page","status-publish","hentry"],"yoast_head":"<!-- This site is optimized with the Yoast SEO Premium plugin v26.6 (Yoast SEO v26.6) - https:\/\/yoast.com\/wordpress\/plugins\/seo\/ -->\n<title>Pol\u00edticas de Privacidade - Afrontt Arquitetura e Engenharia<\/title>\n<meta name=\"description\" content=\"Saiba como protegemos seus dados e garantimos a privacidade das informa\u00e7\u00f5es em nossos servi\u00e7os e site.\" \/>\n<meta name=\"robots\" content=\"index, follow, max-snippet:-1, max-image-preview:large, max-video-preview:-1\" \/>\n<link rel=\"canonical\" href=\"https:\/\/afrontt.com\/es\/politicas-privacidade\/\" \/>\n<meta property=\"og:locale\" content=\"es_ES\" \/>\n<meta property=\"og:type\" content=\"article\" \/>\n<meta property=\"og:title\" content=\"Pol\u00edticas de Privacidade\" \/>\n<meta property=\"og:description\" content=\"Saiba como protegemos seus dados e garantimos a privacidade das informa\u00e7\u00f5es em nossos servi\u00e7os e site.\" \/>\n<meta property=\"og:url\" content=\"https:\/\/afrontt.com\/es\/politicas-privacidade\/\" \/>\n<meta property=\"og:site_name\" content=\"Afrontt Arquitetura e Engenharia\" \/>\n<meta property=\"article:modified_time\" content=\"2026-01-05T13:04:18+00:00\" \/>\n<meta name=\"twitter:card\" content=\"summary_large_image\" \/>\n<meta name=\"twitter:label1\" content=\"Tiempo de lectura\" \/>\n\t<meta name=\"twitter:data1\" content=\"5 minutos\" \/>\n<script type=\"application\/ld+json\" class=\"yoast-schema-graph\">{\"@context\":\"https:\/\/schema.org\",\"@graph\":[{\"@type\":\"WebPage\",\"@id\":\"https:\/\/afrontt.com\/politicas-privacidade\/\",\"url\":\"https:\/\/afrontt.com\/politicas-privacidade\/\",\"name\":\"Pol\u00edticas de Privacidade - Afrontt Arquitetura e Engenharia\",\"isPartOf\":{\"@id\":\"https:\/\/afrontt.com\/#website\"},\"datePublished\":\"2025-12-09T16:07:50+00:00\",\"dateModified\":\"2026-01-05T13:04:18+00:00\",\"description\":\"Saiba como protegemos seus dados e garantimos a privacidade das informa\u00e7\u00f5es em nossos servi\u00e7os e site.\",\"breadcrumb\":{\"@id\":\"https:\/\/afrontt.com\/politicas-privacidade\/#breadcrumb\"},\"inLanguage\":\"es\",\"potentialAction\":[{\"@type\":\"ReadAction\",\"target\":[\"https:\/\/afrontt.com\/politicas-privacidade\/\"]}]},{\"@type\":\"BreadcrumbList\",\"@id\":\"https:\/\/afrontt.com\/politicas-privacidade\/#breadcrumb\",\"itemListElement\":[{\"@type\":\"ListItem\",\"position\":1,\"name\":\"In\u00edcio\",\"item\":\"https:\/\/afrontt.com\/\"},{\"@type\":\"ListItem\",\"position\":2,\"name\":\"Pol\u00edticas de Privacidade\"}]},{\"@type\":\"WebSite\",\"@id\":\"https:\/\/afrontt.com\/#website\",\"url\":\"https:\/\/afrontt.com\/\",\"name\":\"Afrontt Arquitetura e Engenharia\",\"description\":\"Solu\u00e7\u00f5es inovadoras e sustent\u00e1veis para transformar projetos em resultados de excel\u00eancia\",\"publisher\":{\"@id\":\"https:\/\/afrontt.com\/#organization\"},\"potentialAction\":[{\"@type\":\"SearchAction\",\"target\":{\"@type\":\"EntryPoint\",\"urlTemplate\":\"https:\/\/afrontt.com\/?s={search_term_string}\"},\"query-input\":{\"@type\":\"PropertyValueSpecification\",\"valueRequired\":true,\"valueName\":\"search_term_string\"}}],\"inLanguage\":\"es\"},{\"@type\":\"Organization\",\"@id\":\"https:\/\/afrontt.com\/#organization\",\"name\":\"Afrontt Arquitetura e Engenharia\",\"url\":\"https:\/\/afrontt.com\/\",\"logo\":{\"@type\":\"ImageObject\",\"inLanguage\":\"es\",\"@id\":\"https:\/\/afrontt.com\/#\/schema\/logo\/image\/\",\"url\":\"https:\/\/afrontt.com\/wp-content\/uploads\/2025\/12\/Logo-Afrontt-New-scaled.png\",\"contentUrl\":\"https:\/\/afrontt.com\/wp-content\/uploads\/2025\/12\/Logo-Afrontt-New-scaled.png\",\"width\":2560,\"height\":1920,\"caption\":\"Afrontt Arquitetura e Engenharia\"},\"image\":{\"@id\":\"https:\/\/afrontt.com\/#\/schema\/logo\/image\/\"},\"sameAs\":[\"https:\/\/www.linkedin.com\/company\/afrontt\/\",\"https:\/\/www.instagram.com\/afrontt_ae\/\"]}]}<\/script>\n<!-- \/ Yoast SEO Premium plugin. -->","yoast_head_json":{"title":"Pol\u00edticas de Privacidade - Afrontt Arquitetura e Engenharia","description":"Saiba como protegemos seus dados e garantimos a privacidade das informa\u00e7\u00f5es em nossos servi\u00e7os e site.","robots":{"index":"index","follow":"follow","max-snippet":"max-snippet:-1","max-image-preview":"max-image-preview:large","max-video-preview":"max-video-preview:-1"},"canonical":"https:\/\/afrontt.com\/es\/politicas-privacidade\/","og_locale":"es_ES","og_type":"article","og_title":"Pol\u00edticas de Privacidade","og_description":"Saiba como protegemos seus dados e garantimos a privacidade das informa\u00e7\u00f5es em nossos servi\u00e7os e site.","og_url":"https:\/\/afrontt.com\/es\/politicas-privacidade\/","og_site_name":"Afrontt Arquitetura e Engenharia","article_modified_time":"2026-01-05T13:04:18+00:00","twitter_card":"summary_large_image","twitter_misc":{"Tiempo de lectura":"5 minutos"},"schema":{"@context":"https:\/\/schema.org","@graph":[{"@type":"WebPage","@id":"https:\/\/afrontt.com\/politicas-privacidade\/","url":"https:\/\/afrontt.com\/politicas-privacidade\/","name":"Pol\u00edticas de Privacidade - Afrontt Arquitetura e Engenharia","isPartOf":{"@id":"https:\/\/afrontt.com\/#website"},"datePublished":"2025-12-09T16:07:50+00:00","dateModified":"2026-01-05T13:04:18+00:00","description":"Saiba como protegemos seus dados e garantimos a privacidade das informa\u00e7\u00f5es em nossos servi\u00e7os e site.","breadcrumb":{"@id":"https:\/\/afrontt.com\/politicas-privacidade\/#breadcrumb"},"inLanguage":"es","potentialAction":[{"@type":"ReadAction","target":["https:\/\/afrontt.com\/politicas-privacidade\/"]}]},{"@type":"BreadcrumbList","@id":"https:\/\/afrontt.com\/politicas-privacidade\/#breadcrumb","itemListElement":[{"@type":"ListItem","position":1,"name":"In\u00edcio","item":"https:\/\/afrontt.com\/"},{"@type":"ListItem","position":2,"name":"Pol\u00edticas de Privacidade"}]},{"@type":"WebSite","@id":"https:\/\/afrontt.com\/#website","url":"https:\/\/afrontt.com\/","name":"Afrontt Arquitetura e Engenharia","description":"Solu\u00e7\u00f5es inovadoras e sustent\u00e1veis para transformar projetos em resultados de excel\u00eancia","publisher":{"@id":"https:\/\/afrontt.com\/#organization"},"potentialAction":[{"@type":"SearchAction","target":{"@type":"EntryPoint","urlTemplate":"https:\/\/afrontt.com\/?s={search_term_string}"},"query-input":{"@type":"PropertyValueSpecification","valueRequired":true,"valueName":"search_term_string"}}],"inLanguage":"es"},{"@type":"Organization","@id":"https:\/\/afrontt.com\/#organization","name":"Afrontt Arquitetura e Engenharia","url":"https:\/\/afrontt.com\/","logo":{"@type":"ImageObject","inLanguage":"es","@id":"https:\/\/afrontt.com\/#\/schema\/logo\/image\/","url":"https:\/\/afrontt.com\/wp-content\/uploads\/2025\/12\/Logo-Afrontt-New-scaled.png","contentUrl":"https:\/\/afrontt.com\/wp-content\/uploads\/2025\/12\/Logo-Afrontt-New-scaled.png","width":2560,"height":1920,"caption":"Afrontt Arquitetura e Engenharia"},"image":{"@id":"https:\/\/afrontt.com\/#\/schema\/logo\/image\/"},"sameAs":["https:\/\/www.linkedin.com\/company\/afrontt\/","https:\/\/www.instagram.com\/afrontt_ae\/"]}]}},"_hostinger_reach_plugin_has_subscription_block":false,"_hostinger_reach_plugin_is_elementor":false,"_links":{"self":[{"href":"https:\/\/afrontt.com\/es\/wp-json\/wp\/v2\/pages\/3","targetHints":{"allow":["GET"]}}],"collection":[{"href":"https:\/\/afrontt.com\/es\/wp-json\/wp\/v2\/pages"}],"about":[{"href":"https:\/\/afrontt.com\/es\/wp-json\/wp\/v2\/types\/page"}],"author":[{"embeddable":true,"href":"https:\/\/afrontt.com\/es\/wp-json\/wp\/v2\/users\/1"}],"replies":[{"embeddable":true,"href":"https:\/\/afrontt.com\/es\/wp-json\/wp\/v2\/comments?post=3"}],"version-history":[{"count":14,"href":"https:\/\/afrontt.com\/es\/wp-json\/wp\/v2\/pages\/3\/revisions"}],"predecessor-version":[{"id":618,"href":"https:\/\/afrontt.com\/es\/wp-json\/wp\/v2\/pages\/3\/revisions\/618"}],"wp:attachment":[{"href":"https:\/\/afrontt.com\/es\/wp-json\/wp\/v2\/media?parent=3"}],"curies":[{"name":"wp","href":"https:\/\/api.w.org\/{rel}","templated":true}]}}