{"id":290,"date":"2025-12-14T21:52:51","date_gmt":"2025-12-15T00:52:51","guid":{"rendered":"https:\/\/afrontt.com\/?page_id=290"},"modified":"2026-01-05T10:46:44","modified_gmt":"2026-01-05T13:46:44","slug":"declaracao-de-acessibilidade","status":"publish","type":"page","link":"https:\/\/afrontt.com\/es\/declaracao-de-acessibilidade\/","title":{"rendered":"Declaraci\u00f3n de Accesibilidad"},"content":{"rendered":"<div data-elementor-type=\"wp-page\" data-elementor-id=\"290\" class=\"elementor elementor-290\" data-elementor-post-type=\"page\">\n\t\t\t\t<div class=\"elementor-element elementor-element-04abb54 e-flex e-con-boxed e-con e-parent\" data-id=\"04abb54\" data-element_type=\"container\" data-e-type=\"container\">\n\t\t\t\t\t<div class=\"e-con-inner\">\n\t\t\t\t<div class=\"elementor-element elementor-element-7fbf781 elementor-widget elementor-widget-heading\" data-id=\"7fbf781\" data-element_type=\"widget\" data-e-type=\"widget\" data-widget_type=\"heading.default\">\n\t\t\t\t\t<h2 class=\"elementor-heading-title elementor-size-default\">Declaraci\u00f3n de Accesibilidad<\/h2>\t\t\t\t<\/div>\n\t\t\t\t<div class=\"elementor-element elementor-element-6460383 elementor-widget elementor-widget-text-editor\" data-id=\"6460383\" data-element_type=\"widget\" data-e-type=\"widget\" data-widget_type=\"text-editor.default\">\n\t\t\t\t\t\t\t\t\t<p>Esta declara\u00e7\u00e3o foi atualizada pela \u00faltima vez em 15\/12\/2025.<\/p><p>N\u00f3s, da Afrontt Ltda., estamos comprometidos em tornar nosso site <span style=\"color: #da703c;\"><a style=\"color: #da703c;\" href=\"https:\/\/afrontt.com\/es\/\">www.afrontt.com<\/a><\/span> acess\u00edvel para pessoas com defici\u00eancia.<\/p><h2>O que \u00e9 acessibilidade na web<\/h2><p>Um site acess\u00edvel permite que visitantes com defici\u00eancia naveguem com o mesmo n\u00edvel de facilidade e aproveitamento que os demais usu\u00e1rios. Isso \u00e9 poss\u00edvel tanto pelas capacidades do sistema utilizado quanto pelo uso de tecnologias assistivas.<\/p><h2>Ajustes de acessibilidade neste site<\/h2><p>Adaptamos este site de acordo com as diretrizes WCAG 2.1, atingindo o n\u00edvel de acessibilidade AA. O conte\u00fado do site foi ajustado para funcionar com tecnologias assistivas, como leitores de tela e navega\u00e7\u00e3o por teclado. Como parte desse esfor\u00e7o, tamb\u00e9m:<\/p><ul><li>Utilizamos ferramentas de acessibilidade para identificar e corrigir poss\u00edveis problemas<\/li><li>Definimos o idioma do site<\/li><li>Organizamos a ordem l\u00f3gica do conte\u00fado nas p\u00e1ginas<\/li><li>Estruturamos t\u00edtulos de forma clara em todas as p\u00e1ginas<\/li><li>Adicionamos textos alternativos \u00e0s imagens<\/li><li>Implementamos combina\u00e7\u00f5es de cores que atendem ao contraste exigido<\/li><li>Reduzimos o uso de movimentos no site<\/li><li>Garantimos que todos os v\u00eddeos, \u00e1udios e arquivos estejam acess\u00edveis<\/li><\/ul><h2>Solicita\u00e7\u00f5es, d\u00favidas e sugest\u00f5es<\/h2><p>Se voc\u00ea encontrar algum problema de acessibilidade em nosso site ou precisar de assist\u00eancia adicional, entre em contato com nossa coordenadora de acessibilidade:<\/p><p>Telefone: <a href=\"tel:+551151943034\" target=\"_blank\" rel=\"noopener\"><span style=\"color: #da703c;\">(+55 11) 5194-3034<\/span><\/a><br \/>WhatsApp: <a href=\"https:\/\/afrontt.com\/es\/whatsapp\/\" target=\"_blank\" rel=\"noopener\"><span style=\"color: #da703c;\">(+55 11) 5194-3034<\/span><\/a><br \/>Email: <a href=\"mailto:afrontt@afrontt.com\" target=\"_blank\" rel=\"noopener\"><span style=\"color: #da703c;\">afrontt@afrontt.com<\/span><\/a><\/p>\t\t\t\t\t\t\t\t<\/div>\n\t\t\t\t\t<\/div>\n\t\t\t\t<\/div>\n\t\t\t\t<\/div>","protected":false},"excerpt":{"rendered":"<p>Declara\u00e7\u00e3o de Acessibilidade Esta declara\u00e7\u00e3o foi atualizada pela \u00faltima vez em 15\/12\/2025. N\u00f3s, da Afrontt Ltda., estamos comprometidos em tornar nosso site www.afrontt.com acess\u00edvel para pessoas com defici\u00eancia. O que \u00e9 acessibilidade na web Um site acess\u00edvel permite que visitantes com defici\u00eancia naveguem com o mesmo n\u00edvel de facilidade e aproveitamento que os demais usu\u00e1rios. [&hellip;]<\/p>\n","protected":false},"author":1,"featured_media":0,"parent":0,"menu_order":0,"comment_status":"closed","ping_status":"closed","template":"elementor_header_footer","meta":{"_joinchat":[],"footnotes":""},"class_list":["post-290","page","type-page","status-publish","hentry"],"yoast_head":"<!-- This site is optimized with the Yoast SEO Premium plugin v26.6 (Yoast SEO v26.6) - https:\/\/yoast.com\/wordpress\/plugins\/seo\/ -->\n<title>Declara\u00e7\u00e3o de Acessibilidade - Afrontt Arquitetura e Engenharia<\/title>\n<meta name=\"description\" content=\"Saiba como nosso site adota pr\u00e1ticas de acessibilidade para oferecer navega\u00e7\u00e3o inclusiva e facilitar o acesso a todos os usu\u00e1rios.\" \/>\n<meta name=\"robots\" content=\"index, follow, max-snippet:-1, max-image-preview:large, max-video-preview:-1\" \/>\n<link rel=\"canonical\" href=\"https:\/\/afrontt.com\/es\/declaracao-de-acessibilidade\/\" \/>\n<meta property=\"og:locale\" content=\"es_ES\" \/>\n<meta property=\"og:type\" content=\"article\" \/>\n<meta property=\"og:title\" content=\"Declara\u00e7\u00e3o de Acessibilidade\" \/>\n<meta property=\"og:description\" content=\"Saiba como nosso site adota pr\u00e1ticas de acessibilidade para oferecer navega\u00e7\u00e3o inclusiva e facilitar o acesso a todos os usu\u00e1rios.\" \/>\n<meta property=\"og:url\" content=\"https:\/\/afrontt.com\/es\/declaracao-de-acessibilidade\/\" \/>\n<meta property=\"og:site_name\" content=\"Afrontt Arquitetura e Engenharia\" \/>\n<meta property=\"article:modified_time\" content=\"2026-01-05T13:46:44+00:00\" \/>\n<meta name=\"twitter:card\" content=\"summary_large_image\" \/>\n<meta name=\"twitter:label1\" content=\"Tiempo de lectura\" \/>\n\t<meta name=\"twitter:data1\" content=\"2 minutos\" \/>\n<script type=\"application\/ld+json\" class=\"yoast-schema-graph\">{\"@context\":\"https:\/\/schema.org\",\"@graph\":[{\"@type\":\"WebPage\",\"@id\":\"https:\/\/afrontt.com\/declaracao-de-acessibilidade\/\",\"url\":\"https:\/\/afrontt.com\/declaracao-de-acessibilidade\/\",\"name\":\"Declara\u00e7\u00e3o de Acessibilidade - Afrontt Arquitetura e Engenharia\",\"isPartOf\":{\"@id\":\"https:\/\/afrontt.com\/#website\"},\"datePublished\":\"2025-12-15T00:52:51+00:00\",\"dateModified\":\"2026-01-05T13:46:44+00:00\",\"description\":\"Saiba como nosso site adota pr\u00e1ticas de acessibilidade para oferecer navega\u00e7\u00e3o inclusiva e facilitar o acesso a todos os usu\u00e1rios.\",\"breadcrumb\":{\"@id\":\"https:\/\/afrontt.com\/declaracao-de-acessibilidade\/#breadcrumb\"},\"inLanguage\":\"es\",\"potentialAction\":[{\"@type\":\"ReadAction\",\"target\":[\"https:\/\/afrontt.com\/declaracao-de-acessibilidade\/\"]}]},{\"@type\":\"BreadcrumbList\",\"@id\":\"https:\/\/afrontt.com\/declaracao-de-acessibilidade\/#breadcrumb\",\"itemListElement\":[{\"@type\":\"ListItem\",\"position\":1,\"name\":\"In\u00edcio\",\"item\":\"https:\/\/afrontt.com\/\"},{\"@type\":\"ListItem\",\"position\":2,\"name\":\"Declara\u00e7\u00e3o de Acessibilidade\"}]},{\"@type\":\"WebSite\",\"@id\":\"https:\/\/afrontt.com\/#website\",\"url\":\"https:\/\/afrontt.com\/\",\"name\":\"Afrontt Arquitetura e Engenharia\",\"description\":\"Solu\u00e7\u00f5es inovadoras e sustent\u00e1veis para transformar projetos em resultados de excel\u00eancia\",\"publisher\":{\"@id\":\"https:\/\/afrontt.com\/#organization\"},\"potentialAction\":[{\"@type\":\"SearchAction\",\"target\":{\"@type\":\"EntryPoint\",\"urlTemplate\":\"https:\/\/afrontt.com\/?s={search_term_string}\"},\"query-input\":{\"@type\":\"PropertyValueSpecification\",\"valueRequired\":true,\"valueName\":\"search_term_string\"}}],\"inLanguage\":\"es\"},{\"@type\":\"Organization\",\"@id\":\"https:\/\/afrontt.com\/#organization\",\"name\":\"Afrontt Arquitetura e Engenharia\",\"url\":\"https:\/\/afrontt.com\/\",\"logo\":{\"@type\":\"ImageObject\",\"inLanguage\":\"es\",\"@id\":\"https:\/\/afrontt.com\/#\/schema\/logo\/image\/\",\"url\":\"https:\/\/afrontt.com\/wp-content\/uploads\/2025\/12\/Logo-Afrontt-New-scaled.png\",\"contentUrl\":\"https:\/\/afrontt.com\/wp-content\/uploads\/2025\/12\/Logo-Afrontt-New-scaled.png\",\"width\":2560,\"height\":1920,\"caption\":\"Afrontt Arquitetura e Engenharia\"},\"image\":{\"@id\":\"https:\/\/afrontt.com\/#\/schema\/logo\/image\/\"},\"sameAs\":[\"https:\/\/www.linkedin.com\/company\/afrontt\/\",\"https:\/\/www.instagram.com\/afrontt_ae\/\"]}]}<\/script>\n<!-- \/ Yoast SEO Premium plugin. -->","yoast_head_json":{"title":"Declara\u00e7\u00e3o de Acessibilidade - Afrontt Arquitetura e Engenharia","description":"Saiba como nosso site adota pr\u00e1ticas de acessibilidade para oferecer navega\u00e7\u00e3o inclusiva e facilitar o acesso a todos os usu\u00e1rios.","robots":{"index":"index","follow":"follow","max-snippet":"max-snippet:-1","max-image-preview":"max-image-preview:large","max-video-preview":"max-video-preview:-1"},"canonical":"https:\/\/afrontt.com\/es\/declaracao-de-acessibilidade\/","og_locale":"es_ES","og_type":"article","og_title":"Declara\u00e7\u00e3o de Acessibilidade","og_description":"Saiba como nosso site adota pr\u00e1ticas de acessibilidade para oferecer navega\u00e7\u00e3o inclusiva e facilitar o acesso a todos os usu\u00e1rios.","og_url":"https:\/\/afrontt.com\/es\/declaracao-de-acessibilidade\/","og_site_name":"Afrontt Arquitetura e Engenharia","article_modified_time":"2026-01-05T13:46:44+00:00","twitter_card":"summary_large_image","twitter_misc":{"Tiempo de lectura":"2 minutos"},"schema":{"@context":"https:\/\/schema.org","@graph":[{"@type":"WebPage","@id":"https:\/\/afrontt.com\/declaracao-de-acessibilidade\/","url":"https:\/\/afrontt.com\/declaracao-de-acessibilidade\/","name":"Declara\u00e7\u00e3o de Acessibilidade - Afrontt Arquitetura e Engenharia","isPartOf":{"@id":"https:\/\/afrontt.com\/#website"},"datePublished":"2025-12-15T00:52:51+00:00","dateModified":"2026-01-05T13:46:44+00:00","description":"Saiba como nosso site adota pr\u00e1ticas de acessibilidade para oferecer navega\u00e7\u00e3o inclusiva e facilitar o acesso a todos os usu\u00e1rios.","breadcrumb":{"@id":"https:\/\/afrontt.com\/declaracao-de-acessibilidade\/#breadcrumb"},"inLanguage":"es","potentialAction":[{"@type":"ReadAction","target":["https:\/\/afrontt.com\/declaracao-de-acessibilidade\/"]}]},{"@type":"BreadcrumbList","@id":"https:\/\/afrontt.com\/declaracao-de-acessibilidade\/#breadcrumb","itemListElement":[{"@type":"ListItem","position":1,"name":"In\u00edcio","item":"https:\/\/afrontt.com\/"},{"@type":"ListItem","position":2,"name":"Declara\u00e7\u00e3o de Acessibilidade"}]},{"@type":"WebSite","@id":"https:\/\/afrontt.com\/#website","url":"https:\/\/afrontt.com\/","name":"Afrontt Arquitetura e Engenharia","description":"Solu\u00e7\u00f5es inovadoras e sustent\u00e1veis para transformar projetos em resultados de excel\u00eancia","publisher":{"@id":"https:\/\/afrontt.com\/#organization"},"potentialAction":[{"@type":"SearchAction","target":{"@type":"EntryPoint","urlTemplate":"https:\/\/afrontt.com\/?s={search_term_string}"},"query-input":{"@type":"PropertyValueSpecification","valueRequired":true,"valueName":"search_term_string"}}],"inLanguage":"es"},{"@type":"Organization","@id":"https:\/\/afrontt.com\/#organization","name":"Afrontt Arquitetura e Engenharia","url":"https:\/\/afrontt.com\/","logo":{"@type":"ImageObject","inLanguage":"es","@id":"https:\/\/afrontt.com\/#\/schema\/logo\/image\/","url":"https:\/\/afrontt.com\/wp-content\/uploads\/2025\/12\/Logo-Afrontt-New-scaled.png","contentUrl":"https:\/\/afrontt.com\/wp-content\/uploads\/2025\/12\/Logo-Afrontt-New-scaled.png","width":2560,"height":1920,"caption":"Afrontt Arquitetura e Engenharia"},"image":{"@id":"https:\/\/afrontt.com\/#\/schema\/logo\/image\/"},"sameAs":["https:\/\/www.linkedin.com\/company\/afrontt\/","https:\/\/www.instagram.com\/afrontt_ae\/"]}]}},"_hostinger_reach_plugin_has_subscription_block":false,"_hostinger_reach_plugin_is_elementor":false,"_links":{"self":[{"href":"https:\/\/afrontt.com\/es\/wp-json\/wp\/v2\/pages\/290","targetHints":{"allow":["GET"]}}],"collection":[{"href":"https:\/\/afrontt.com\/es\/wp-json\/wp\/v2\/pages"}],"about":[{"href":"https:\/\/afrontt.com\/es\/wp-json\/wp\/v2\/types\/page"}],"author":[{"embeddable":true,"href":"https:\/\/afrontt.com\/es\/wp-json\/wp\/v2\/users\/1"}],"replies":[{"embeddable":true,"href":"https:\/\/afrontt.com\/es\/wp-json\/wp\/v2\/comments?post=290"}],"version-history":[{"count":13,"href":"https:\/\/afrontt.com\/es\/wp-json\/wp\/v2\/pages\/290\/revisions"}],"predecessor-version":[{"id":486,"href":"https:\/\/afrontt.com\/es\/wp-json\/wp\/v2\/pages\/290\/revisions\/486"}],"wp:attachment":[{"href":"https:\/\/afrontt.com\/es\/wp-json\/wp\/v2\/media?parent=290"}],"curies":[{"name":"wp","href":"https:\/\/api.w.org\/{rel}","templated":true}]}}