{"id":266,"date":"2025-12-14T21:33:30","date_gmt":"2025-12-15T00:33:30","guid":{"rendered":"https:\/\/afrontt.com\/?page_id=266"},"modified":"2026-01-05T10:44:12","modified_gmt":"2026-01-05T13:44:12","slug":"politica-de-cookies","status":"publish","type":"page","link":"https:\/\/afrontt.com\/es\/politica-de-cookies\/","title":{"rendered":"Pol\u00edtica de Cookies"},"content":{"rendered":"<div data-elementor-type=\"wp-page\" data-elementor-id=\"266\" class=\"elementor elementor-266\" data-elementor-post-type=\"page\">\n\t\t\t\t<div class=\"elementor-element elementor-element-48a4045 e-flex e-con-boxed e-con e-parent\" data-id=\"48a4045\" data-element_type=\"container\" data-e-type=\"container\">\n\t\t\t\t\t<div class=\"e-con-inner\">\n\t\t\t\t<div class=\"elementor-element elementor-element-9bf7abc elementor-widget elementor-widget-heading\" data-id=\"9bf7abc\" data-element_type=\"widget\" data-e-type=\"widget\" data-widget_type=\"heading.default\">\n\t\t\t\t\t<h2 class=\"elementor-heading-title elementor-size-default\">Pol\u00edtica de Cookies<\/h2>\t\t\t\t<\/div>\n\t\t\t\t<div class=\"elementor-element elementor-element-4dbb233 elementor-widget elementor-widget-text-editor\" data-id=\"4dbb233\" data-element_type=\"widget\" data-e-type=\"widget\" data-widget_type=\"text-editor.default\">\n\t\t\t\t\t\t\t\t\t<h2>O que s\u00e3o cookies?<\/h2><p>Esta Pol\u00edtica de Cookies explica o que s\u00e3o cookies e como os usamos, os tipos de cookies que usamos, ou seja, as informa\u00e7\u00f5es que coletamos usando cookies e como essas informa\u00e7\u00f5es s\u00e3o usadas, e como gerenciar as configura\u00e7\u00f5es de cookies.<\/p><p>Os cookies s\u00e3o pequenos arquivos de texto usados para armazenar pequenas informa\u00e7\u00f5es. Eles s\u00e3o armazenados no seu dispositivo quando o site \u00e9 carregado no seu navegador. Estes cookies ajudam-nos a fazer com que o site funcione corretamente, torn\u00e1-lo mais seguro, proporcionar uma melhor experi\u00eancia ao usu\u00e1rio e compreender o desempenho do site e analisar o que funciona e onde precisa de ser melhorado.<\/p><h2>Como usamos cookies?<\/h2><p>Como a maioria dos servi\u00e7os on-line, nosso site usa cookies pr\u00f3prios e de terceiros para diversas finalidades. Os cookies prim\u00e1rios s\u00e3o principalmente necess\u00e1rios para que o site funcione corretamente e n\u00e3o coletam nenhum dos seus dados de identifica\u00e7\u00e3o pessoal.<\/p><p>Os cookies de terceiros usados em nosso site s\u00e3o principalmente para entender o desempenho do site e como voc\u00ea interage com nosso site, mantendo nossos servi\u00e7os seguros, fornecendo an\u00fancios que sejam relevantes para voc\u00ea e, em suma, proporcionando-lhe uma experi\u00eancia de usu\u00e1rio cada vez melhor e ajudando a acelerar suas futuras intera\u00e7\u00f5es com nosso site.<\/p><p>Para remover cookies do navegador, por favor olhe as instru\u00e7\u00f5es nesse <span style=\"color: #da703c;\"><a style=\"color: #da703c;\" href=\"https:\/\/goadopt.io\/blog\/apagar-cookies-cache-navegador\/\" target=\"_blank\" rel=\"noopener\">nesse link<\/a><\/span><\/p>\t\t\t\t\t\t\t\t<\/div>\n\t\t\t\t\t<\/div>\n\t\t\t\t<\/div>\n\t\t\t\t<\/div>","protected":false},"excerpt":{"rendered":"<p>Pol\u00edtica de Cookies O que s\u00e3o cookies? Esta Pol\u00edtica de Cookies explica o que s\u00e3o cookies e como os usamos, os tipos de cookies que usamos, ou seja, as informa\u00e7\u00f5es que coletamos usando cookies e como essas informa\u00e7\u00f5es s\u00e3o usadas, e como gerenciar as configura\u00e7\u00f5es de cookies. Os cookies s\u00e3o pequenos arquivos de texto usados [&hellip;]<\/p>\n","protected":false},"author":1,"featured_media":0,"parent":0,"menu_order":0,"comment_status":"closed","ping_status":"closed","template":"elementor_header_footer","meta":{"_joinchat":[],"footnotes":""},"class_list":["post-266","page","type-page","status-publish","hentry"],"yoast_head":"<!-- This site is optimized with the Yoast SEO Premium plugin v26.6 (Yoast SEO v26.6) - https:\/\/yoast.com\/wordpress\/plugins\/seo\/ -->\n<title>Pol\u00edtica de Cookies - Afrontt Arquitetura e Engenharia<\/title>\n<meta name=\"description\" content=\"Entenda como utilizamos cookies para melhorar sua experi\u00eancia e personalizar conte\u00fados em nosso site. Acesse agora.\" \/>\n<meta name=\"robots\" content=\"index, follow, max-snippet:-1, max-image-preview:large, max-video-preview:-1\" \/>\n<link rel=\"canonical\" href=\"https:\/\/afrontt.com\/es\/politica-de-cookies\/\" \/>\n<meta property=\"og:locale\" content=\"es_ES\" \/>\n<meta property=\"og:type\" content=\"article\" \/>\n<meta property=\"og:title\" content=\"Pol\u00edtica de Cookies\" \/>\n<meta property=\"og:description\" content=\"Entenda como utilizamos cookies para melhorar sua experi\u00eancia e personalizar conte\u00fados em nosso site. Acesse agora.\" \/>\n<meta property=\"og:url\" content=\"https:\/\/afrontt.com\/es\/politica-de-cookies\/\" \/>\n<meta property=\"og:site_name\" content=\"Afrontt Arquitetura e Engenharia\" \/>\n<meta property=\"article:modified_time\" content=\"2026-01-05T13:44:12+00:00\" \/>\n<meta name=\"twitter:card\" content=\"summary_large_image\" \/>\n<meta name=\"twitter:label1\" content=\"Tiempo de lectura\" \/>\n\t<meta name=\"twitter:data1\" content=\"2 minutos\" \/>\n<script type=\"application\/ld+json\" class=\"yoast-schema-graph\">{\"@context\":\"https:\/\/schema.org\",\"@graph\":[{\"@type\":\"WebPage\",\"@id\":\"https:\/\/afrontt.com\/politica-de-cookies\/\",\"url\":\"https:\/\/afrontt.com\/politica-de-cookies\/\",\"name\":\"Pol\u00edtica de Cookies - Afrontt Arquitetura e Engenharia\",\"isPartOf\":{\"@id\":\"https:\/\/afrontt.com\/#website\"},\"datePublished\":\"2025-12-15T00:33:30+00:00\",\"dateModified\":\"2026-01-05T13:44:12+00:00\",\"description\":\"Entenda como utilizamos cookies para melhorar sua experi\u00eancia e personalizar conte\u00fados em nosso site. Acesse agora.\",\"breadcrumb\":{\"@id\":\"https:\/\/afrontt.com\/politica-de-cookies\/#breadcrumb\"},\"inLanguage\":\"es\",\"potentialAction\":[{\"@type\":\"ReadAction\",\"target\":[\"https:\/\/afrontt.com\/politica-de-cookies\/\"]}]},{\"@type\":\"BreadcrumbList\",\"@id\":\"https:\/\/afrontt.com\/politica-de-cookies\/#breadcrumb\",\"itemListElement\":[{\"@type\":\"ListItem\",\"position\":1,\"name\":\"In\u00edcio\",\"item\":\"https:\/\/afrontt.com\/\"},{\"@type\":\"ListItem\",\"position\":2,\"name\":\"Pol\u00edtica de Cookies\"}]},{\"@type\":\"WebSite\",\"@id\":\"https:\/\/afrontt.com\/#website\",\"url\":\"https:\/\/afrontt.com\/\",\"name\":\"Afrontt Arquitetura e Engenharia\",\"description\":\"Solu\u00e7\u00f5es inovadoras e sustent\u00e1veis para transformar projetos em resultados de excel\u00eancia\",\"publisher\":{\"@id\":\"https:\/\/afrontt.com\/#organization\"},\"potentialAction\":[{\"@type\":\"SearchAction\",\"target\":{\"@type\":\"EntryPoint\",\"urlTemplate\":\"https:\/\/afrontt.com\/?s={search_term_string}\"},\"query-input\":{\"@type\":\"PropertyValueSpecification\",\"valueRequired\":true,\"valueName\":\"search_term_string\"}}],\"inLanguage\":\"es\"},{\"@type\":\"Organization\",\"@id\":\"https:\/\/afrontt.com\/#organization\",\"name\":\"Afrontt Arquitetura e Engenharia\",\"url\":\"https:\/\/afrontt.com\/\",\"logo\":{\"@type\":\"ImageObject\",\"inLanguage\":\"es\",\"@id\":\"https:\/\/afrontt.com\/#\/schema\/logo\/image\/\",\"url\":\"https:\/\/afrontt.com\/wp-content\/uploads\/2025\/12\/Logo-Afrontt-New-scaled.png\",\"contentUrl\":\"https:\/\/afrontt.com\/wp-content\/uploads\/2025\/12\/Logo-Afrontt-New-scaled.png\",\"width\":2560,\"height\":1920,\"caption\":\"Afrontt Arquitetura e Engenharia\"},\"image\":{\"@id\":\"https:\/\/afrontt.com\/#\/schema\/logo\/image\/\"},\"sameAs\":[\"https:\/\/www.linkedin.com\/company\/afrontt\/\",\"https:\/\/www.instagram.com\/afrontt_ae\/\"]}]}<\/script>\n<!-- \/ Yoast SEO Premium plugin. -->","yoast_head_json":{"title":"Pol\u00edtica de Cookies - Afrontt Arquitetura e Engenharia","description":"Entenda como utilizamos cookies para melhorar sua experi\u00eancia e personalizar conte\u00fados em nosso site. Acesse agora.","robots":{"index":"index","follow":"follow","max-snippet":"max-snippet:-1","max-image-preview":"max-image-preview:large","max-video-preview":"max-video-preview:-1"},"canonical":"https:\/\/afrontt.com\/es\/politica-de-cookies\/","og_locale":"es_ES","og_type":"article","og_title":"Pol\u00edtica de Cookies","og_description":"Entenda como utilizamos cookies para melhorar sua experi\u00eancia e personalizar conte\u00fados em nosso site. Acesse agora.","og_url":"https:\/\/afrontt.com\/es\/politica-de-cookies\/","og_site_name":"Afrontt Arquitetura e Engenharia","article_modified_time":"2026-01-05T13:44:12+00:00","twitter_card":"summary_large_image","twitter_misc":{"Tiempo de lectura":"2 minutos"},"schema":{"@context":"https:\/\/schema.org","@graph":[{"@type":"WebPage","@id":"https:\/\/afrontt.com\/politica-de-cookies\/","url":"https:\/\/afrontt.com\/politica-de-cookies\/","name":"Pol\u00edtica de Cookies - Afrontt Arquitetura e Engenharia","isPartOf":{"@id":"https:\/\/afrontt.com\/#website"},"datePublished":"2025-12-15T00:33:30+00:00","dateModified":"2026-01-05T13:44:12+00:00","description":"Entenda como utilizamos cookies para melhorar sua experi\u00eancia e personalizar conte\u00fados em nosso site. Acesse agora.","breadcrumb":{"@id":"https:\/\/afrontt.com\/politica-de-cookies\/#breadcrumb"},"inLanguage":"es","potentialAction":[{"@type":"ReadAction","target":["https:\/\/afrontt.com\/politica-de-cookies\/"]}]},{"@type":"BreadcrumbList","@id":"https:\/\/afrontt.com\/politica-de-cookies\/#breadcrumb","itemListElement":[{"@type":"ListItem","position":1,"name":"In\u00edcio","item":"https:\/\/afrontt.com\/"},{"@type":"ListItem","position":2,"name":"Pol\u00edtica de Cookies"}]},{"@type":"WebSite","@id":"https:\/\/afrontt.com\/#website","url":"https:\/\/afrontt.com\/","name":"Afrontt Arquitetura e Engenharia","description":"Solu\u00e7\u00f5es inovadoras e sustent\u00e1veis para transformar projetos em resultados de excel\u00eancia","publisher":{"@id":"https:\/\/afrontt.com\/#organization"},"potentialAction":[{"@type":"SearchAction","target":{"@type":"EntryPoint","urlTemplate":"https:\/\/afrontt.com\/?s={search_term_string}"},"query-input":{"@type":"PropertyValueSpecification","valueRequired":true,"valueName":"search_term_string"}}],"inLanguage":"es"},{"@type":"Organization","@id":"https:\/\/afrontt.com\/#organization","name":"Afrontt Arquitetura e Engenharia","url":"https:\/\/afrontt.com\/","logo":{"@type":"ImageObject","inLanguage":"es","@id":"https:\/\/afrontt.com\/#\/schema\/logo\/image\/","url":"https:\/\/afrontt.com\/wp-content\/uploads\/2025\/12\/Logo-Afrontt-New-scaled.png","contentUrl":"https:\/\/afrontt.com\/wp-content\/uploads\/2025\/12\/Logo-Afrontt-New-scaled.png","width":2560,"height":1920,"caption":"Afrontt Arquitetura e Engenharia"},"image":{"@id":"https:\/\/afrontt.com\/#\/schema\/logo\/image\/"},"sameAs":["https:\/\/www.linkedin.com\/company\/afrontt\/","https:\/\/www.instagram.com\/afrontt_ae\/"]}]}},"_hostinger_reach_plugin_has_subscription_block":false,"_hostinger_reach_plugin_is_elementor":false,"_links":{"self":[{"href":"https:\/\/afrontt.com\/es\/wp-json\/wp\/v2\/pages\/266","targetHints":{"allow":["GET"]}}],"collection":[{"href":"https:\/\/afrontt.com\/es\/wp-json\/wp\/v2\/pages"}],"about":[{"href":"https:\/\/afrontt.com\/es\/wp-json\/wp\/v2\/types\/page"}],"author":[{"embeddable":true,"href":"https:\/\/afrontt.com\/es\/wp-json\/wp\/v2\/users\/1"}],"replies":[{"embeddable":true,"href":"https:\/\/afrontt.com\/es\/wp-json\/wp\/v2\/comments?post=266"}],"version-history":[{"count":13,"href":"https:\/\/afrontt.com\/es\/wp-json\/wp\/v2\/pages\/266\/revisions"}],"predecessor-version":[{"id":489,"href":"https:\/\/afrontt.com\/es\/wp-json\/wp\/v2\/pages\/266\/revisions\/489"}],"wp:attachment":[{"href":"https:\/\/afrontt.com\/es\/wp-json\/wp\/v2\/media?parent=266"}],"curies":[{"name":"wp","href":"https:\/\/api.w.org\/{rel}","templated":true}]}}